{"id":1727,"date":"2022-02-02T16:34:38","date_gmt":"2022-02-02T16:34:38","guid":{"rendered":"https:\/\/lektou.com\/home\/"},"modified":"2025-09-24T13:21:14","modified_gmt":"2025-09-24T13:21:14","slug":"home","status":"publish","type":"page","link":"https:\/\/lektou.com\/pt-pt\/","title":{"rendered":"Home"},"content":{"rendered":"<p>[vc_row][vc_column][layerslider_vc id=&#8221;22&#8243;][\/vc_column][\/vc_row][vc_row disable_element=&#8221;yes&#8221; css=&#8221;.vc_custom_1645706728535{padding-top: 60px !important;padding-bottom: 60px !important;}&#8221;][vc_column css=&#8221;.vc_custom_1498093136184{padding-top: 0px !important;}&#8221;][vc_row_inner css=&#8221;.vc_custom_1499904517873{padding-top: 0px !important;padding-bottom: 0px !important;}&#8221;][vc_column_inner width=&#8221;1\/3&#8243; css=&#8221;.vc_custom_1498092944842{padding-top: 0px !important;padding-right: 1px !important;padding-bottom: 0px !important;padding-left: 1px !important;}&#8221;][lawyer_icon_text style=&#8221;style2&#8243; icon=&#8221;icon-globe-1&#8243; title=&#8221;Cobertura Global&#8221; subtitle=&#8221;Quisque consectetur posusa fermentum nibh, tincidunt luctus hendrerit, suspendise potent praesent sit amet rhoncus.&#8221;][\/vc_column_inner][vc_column_inner width=&#8221;1\/3&#8243; css=&#8221;.vc_custom_1498092936168{padding-top: 0px !important;padding-right: 1px !important;padding-bottom: 0px !important;padding-left: 1px !important;}&#8221;][lawyer_icon_text style=&#8221;style2&#8243; icon=&#8221;icon-hammer&#8221; title=&#8221;Princ\u00edpios &amp; Valores&#8221; subtitle=&#8221;Quisque consectetur posusa fermentum nibh, tincidunt luctus hendrerit, suspendise potent praesent sit amet rhoncus.&#8221;][\/vc_column_inner][vc_column_inner width=&#8221;1\/3&#8243; css=&#8221;.vc_custom_1498092923996{padding-top: 0px !important;padding-right: 1px !important;padding-bottom: 0px !important;padding-left: 1px !important;}&#8221;][lawyer_icon_text style=&#8221;style2&#8243; icon=&#8221;icon-users-1&#8243; title=&#8221;Junte-se \u00e0 nossa equipa&#8221; subtitle=&#8221;Quisque consectetur posusa fermentum nibh, tincidunt luctus hendrerit, suspendise potent praesent sit amet rhoncus.&#8221;][\/vc_column_inner][\/vc_row_inner][\/vc_column][\/vc_row][vc_row full_width=&#8221;stretch_row&#8221; css=&#8221;.vc_custom_1640605393444{background-color: #ffffff !important;}&#8221;][vc_column css=&#8221;.vc_custom_1645706827248{padding-top: 0px !important;}&#8221;][lawyer_title tag=&#8221;h2&#8243; align=&#8221;text-center&#8221; style=&#8221;banner-title&#8221; title=&#8221;Conhecimento &amp; Experi\u00eancia&#8221;][\/vc_column][\/vc_row][vc_row full_width=&#8221;stretch_row&#8221; css=&#8221;.vc_custom_1642776899760{padding-top: 5px !important;padding-bottom: 5px !important;}&#8221; el_class=&#8221;fancy-highlights-section&#8221;][vc_column css=&#8221;.vc_custom_1498093136184{padding-top: 0px !important;}&#8221;]<ul class=\"fancy-highlights\">\r\n<li class=\"single-highlight\" data-image=\"https:\/\/lektou.com\/wp-content\/uploads\/2022\/01\/Greater-Bay-Area-100.jpg\">\r\n\t<a href=\"https:\/\/lektou.com\/pt-pt\/about\/#Guangdong\u2013Hongkong\">\r\n\t\t<div class=\"title\">Grande Ba\u00eda<\/div>\r\n\t\t<div class=\"description\"><\/div>\r\n\t\t<svg version=\"1.2\" xmlns=\"http:\/\/www.w3.org\/2000\/svg\" viewBox=\"0 0 448 448\" width=\"448\" height=\"448\"><path class=\"s0\" d=\"m27.6 192.2q2.8-0.4 5.6-0.4h315.5l-6.9-3.2c-6.7-3.2-12.8-7.5-18.1-12.8l-88.4-88.5c-11.7-11.1-13.7-29-4.7-42.4c10.5-14.2 30.5-17.3 44.7-6.9q1.8 1.3 3.3 2.8l160 160c12.5 12.5 12.5 32.7 0 45.2q0 0 0 0.1l-160 160c-12.5 12.4-32.8 12.4-45.2-0.1q-1.5-1.5-2.8-3.1c-9-13.4-7-31.3 4.7-42.4l88.3-88.7c4.7-4.7 10.1-8.6 16-11.7l9.6-4.3h-314.3c-16.3 0.6-30.7-10.8-33.7-26.9c-2.9-17.4 9-33.8 26.4-36.7z\" \/><\/svg>\r\n\t<\/a>\r\n<\/li>\r\n\r\n<li class=\"single-highlight\" data-image=\"https:\/\/lektou.com\/wp-content\/uploads\/2022\/01\/LUSOPHONE_WORD.png\">\r\n\t<a href=\"https:\/\/lektou.com\/pt-pt\/about\/#Lusophony\">\r\n\t\t<div class=\"title\">Lusofonia<\/div>\r\n\t\t<div class=\"description\"><\/div>\r\n\t\t<svg version=\"1.2\" xmlns=\"http:\/\/www.w3.org\/2000\/svg\" viewBox=\"0 0 448 448\" width=\"448\" height=\"448\"><path class=\"s0\" d=\"m27.6 192.2q2.8-0.4 5.6-0.4h315.5l-6.9-3.2c-6.7-3.2-12.8-7.5-18.1-12.8l-88.4-88.5c-11.7-11.1-13.7-29-4.7-42.4c10.5-14.2 30.5-17.3 44.7-6.9q1.8 1.3 3.3 2.8l160 160c12.5 12.5 12.5 32.7 0 45.2q0 0 0 0.1l-160 160c-12.5 12.4-32.8 12.4-45.2-0.1q-1.5-1.5-2.8-3.1c-9-13.4-7-31.3 4.7-42.4l88.3-88.7c4.7-4.7 10.1-8.6 16-11.7l9.6-4.3h-314.3c-16.3 0.6-30.7-10.8-33.7-26.9c-2.9-17.4 9-33.8 26.4-36.7z\" \/><\/svg>\r\n\t<\/a>\r\n<\/li>\r\n\r\n<li class=\"single-highlight\" data-image=\"https:\/\/lektou.com\/wp-content\/uploads\/2022\/01\/BELT_-_ROAD.png\">\r\n\t<a href=\"https:\/\/lektou.com\/pt-pt\/about\/#one-belt\">\r\n\t\t<div class=\"title\">Uma Faixa e Uma Rota<\/div>\r\n\t\t<div class=\"description\"><\/div>\r\n\t\t<svg version=\"1.2\" xmlns=\"http:\/\/www.w3.org\/2000\/svg\" viewBox=\"0 0 448 448\" width=\"448\" height=\"448\"><path class=\"s0\" d=\"m27.6 192.2q2.8-0.4 5.6-0.4h315.5l-6.9-3.2c-6.7-3.2-12.8-7.5-18.1-12.8l-88.4-88.5c-11.7-11.1-13.7-29-4.7-42.4c10.5-14.2 30.5-17.3 44.7-6.9q1.8 1.3 3.3 2.8l160 160c12.5 12.5 12.5 32.7 0 45.2q0 0 0 0.1l-160 160c-12.5 12.4-32.8 12.4-45.2-0.1q-1.5-1.5-2.8-3.1c-9-13.4-7-31.3 4.7-42.4l88.3-88.7c4.7-4.7 10.1-8.6 16-11.7l9.6-4.3h-314.3c-16.3 0.6-30.7-10.8-33.7-26.9c-2.9-17.4 9-33.8 26.4-36.7z\" \/><\/svg>\r\n\t<\/a>\r\n<\/li>\r\n\r\n<li class=\"single-highlight\" data-image=\"https:\/\/lektou.com\/wp-content\/uploads\/2022\/01\/COOPERATION_ZONE_3.png\">\r\n\t<a href=\"https:\/\/lektou.com\/pt-pt\/about\/#projects\">\r\n\t\t<div class=\"title\">Zona de Coopera\u00e7\u00e3o<\/div>\r\n\t\t<div class=\"description\"><\/div>\r\n\t\t<svg version=\"1.2\" xmlns=\"http:\/\/www.w3.org\/2000\/svg\" viewBox=\"0 0 448 448\" width=\"448\" height=\"448\"><path class=\"s0\" d=\"m27.6 192.2q2.8-0.4 5.6-0.4h315.5l-6.9-3.2c-6.7-3.2-12.8-7.5-18.1-12.8l-88.4-88.5c-11.7-11.1-13.7-29-4.7-42.4c10.5-14.2 30.5-17.3 44.7-6.9q1.8 1.3 3.3 2.8l160 160c12.5 12.5 12.5 32.7 0 45.2q0 0 0 0.1l-160 160c-12.5 12.4-32.8 12.4-45.2-0.1q-1.5-1.5-2.8-3.1c-9-13.4-7-31.3 4.7-42.4l88.3-88.7c4.7-4.7 10.1-8.6 16-11.7l9.6-4.3h-314.3c-16.3 0.6-30.7-10.8-33.7-26.9c-2.9-17.4 9-33.8 26.4-36.7z\" \/><\/svg>\r\n\t<\/a>\r\n<\/li>\r\n<\/ul>[\/vc_column][\/vc_row][vc_row full_width=&#8221;stretch_row&#8221; disable_element=&#8221;yes&#8221; css=&#8221;.vc_custom_1645706745440{background-color: #ffffff !important;}&#8221;][vc_column css=&#8221;.vc_custom_1640605332008{padding-top: 0px !important;background-color: #ffffff !important;}&#8221;][lawyer_title tag=&#8221;h2&#8243; align=&#8221;text-center&#8221; style=&#8221;banner-title&#8221; title=&#8221;Conhecimento &amp; Experi\u00eancia&#8221;][lawyer_practice_areas style=&#8221;tile-col&#8211;style-2&#8243; el_class=&#8221;experience_content&#8221; excerpt_length=&#8221;45&#8243; limit=&#8221;3&#8243; css=&#8221;.vc_custom_1640711464485{background-color: #ffffff !important;}&#8221;][\/vc_column][\/vc_row][vc_row full_width=&#8221;stretch_row&#8221;][vc_column css=&#8221;.vc_custom_1645706440840{padding-top: 0px !important;}&#8221;][lawyer_title tag=&#8221;h2&#8243; align=&#8221;text-center&#8221; style=&#8221;banner-title&#8221; title=&#8221;Onde estamos&#8221;][vc_single_image source=&#8221;external_link&#8221; alignment=&#8221;center&#8221; custom_src=&#8221;\/wp-content\/themes\/lawyer-child\/assets\/images\/mapa.svg&#8221;][vc_row_inner equal_height=&#8221;yes&#8221; el_class=&#8221;map_locations&#8221;][vc_column_inner width=&#8221;1\/5&#8243;][lawyer_title tag=&#8221;h4&#8243; title=&#8221;MACAU&#8221;][lawyer_text]Avenida da Amizade, 555<br \/>\nMacau Landmark<br \/>\nOffice Tower, 23rd Floor<br \/>\nMacau SAR<\/p>\n<h5><a href=\"mailto:mail@lektou.com\" target=\"_blank\" rel=\"noopener noreferrer\">mail@lektou.com<\/a><\/h5>\n<p>[\/lawyer_text][\/vc_column_inner][vc_column_inner width=&#8221;1\/5&#8243;][lawyer_title tag=&#8221;h4&#8243; title=&#8221;CHINA &#8211; HENGQIN&#8221;][lawyer_text]3A08, Main Tower<br \/>\nPoly International Plaza<br \/>\nHengqin District<br \/>\nZhuhai, Guangdong<\/p>\n<h5><a href=\"mailto:mail@lektou.com\" target=\"_blank\" rel=\"noopener noreferrer\">mail@lektou.com<\/a><\/h5>\n<p>[\/lawyer_text][\/vc_column_inner][vc_column_inner width=&#8221;1\/5&#8243;][lawyer_title tag=&#8221;h4&#8243; title=&#8221;CHINA -SHENZHEN&#8221;][lawyer_text]23\/f, SCIA Tower<br \/>\nQianhai Shenzhen-HK Cooperation Zone<br \/>\nShenzhen, Guangdong<\/p>\n<h5><a href=\"mailto:mail@lektou.com\" target=\"_blank\" rel=\"noopener noreferrer\">mail@lektou.com<\/a><\/h5>\n<p>[\/lawyer_text][\/vc_column_inner][vc_column_inner width=&#8221;1\/5&#8243;][lawyer_title tag=&#8221;h4&#8243; title=&#8221;PORTUGAL &#8211; LISBOA&#8221;][lawyer_text]Avenida 5 de Outubro, n\u00ba 142<br \/>\n1\u00ba Esq<br \/>\n1050-061 Lisboa<\/p>\n<h5><a href=\"mailto:lektoupt@lektou.com\" target=\"_blank\" rel=\"noopener noreferrer\">lektoupt@lektou.com<\/a><\/h5>\n<p>[\/lawyer_text][\/vc_column_inner][vc_column_inner width=&#8221;1\/5&#8243;][lawyer_title title=&#8221;PORTUGAL &#8211; PORTO&#8221;][lawyer_text]Avenida da Boavista, n.\u00ba 1204<br \/>\n1\u00ba andar<br \/>\n4100-113 Porto<\/p>\n<h5><a href=\"mailto:lektoupt@lektou.com\" target=\"_blank\" rel=\"noopener noreferrer\">lektoupt@lektou.com<\/a><\/h5>\n<p>[\/lawyer_text][\/vc_column_inner][\/vc_row_inner][vc_row_inner][vc_column_inner][lawyer_text el_class=&#8221;miranda_text&#8221;]<\/p>\n<p style=\"text-align: right;\"><a href=\"https:\/\/www.mirandalawfirm.com\/pt\/alliance\/overview\"><img loading=\"lazy\" decoding=\"async\" class=\"size-medium wp-image-6606 alignright\" src=\"https:\/\/lektou.com\/wp-content\/uploads\/2024\/11\/Miranda-Alliance_LOGOTYPE-VERSIONS_RGB-04-300x196.png\" alt=\"\" width=\"300\" height=\"196\" srcset=\"https:\/\/lektou.com\/wp-content\/uploads\/2024\/11\/Miranda-Alliance_LOGOTYPE-VERSIONS_RGB-04-300x196.png 300w, https:\/\/lektou.com\/wp-content\/uploads\/2024\/11\/Miranda-Alliance_LOGOTYPE-VERSIONS_RGB-04-1024x670.png 1024w, https:\/\/lektou.com\/wp-content\/uploads\/2024\/11\/Miranda-Alliance_LOGOTYPE-VERSIONS_RGB-04-768x503.png 768w, https:\/\/lektou.com\/wp-content\/uploads\/2024\/11\/Miranda-Alliance_LOGOTYPE-VERSIONS_RGB-04-1536x1005.png 1536w, https:\/\/lektou.com\/wp-content\/uploads\/2024\/11\/Miranda-Alliance_LOGOTYPE-VERSIONS_RGB-04.png 1667w\" sizes=\"auto, (max-width: 300px) 100vw, 300px\" \/><\/a><\/p>\n<p>[\/lawyer_text][\/vc_column_inner][\/vc_row_inner][\/vc_column][\/vc_row][vc_row full_width=&#8221;stretch_row&#8221; disable_element=&#8221;yes&#8221;][vc_column css=&#8221;.vc_custom_1645706800446{padding-top: 0px !important;}&#8221;][lawyer_title tag=&#8221;h2&#8243; align=&#8221;text-center&#8221; style=&#8221;banner-title&#8221; title=&#8221;Onde estamos&#8221;][lawyer_locations style=&#8221;style2&#8243; map=&#8221;8&#8243; locations=&#8221;show&#8221;][\/vc_column][\/vc_row][vc_section full_width=&#8221;stretch_row&#8221; el_class=&#8221;news-and-honors&#8221;][vc_row css=&#8221;.vc_custom_1499900844551{padding-top: 80px !important;}&#8221;][vc_column width=&#8221;1\/3&#8243;][recent_posts category=&#8221;all&#8221; show_thumbnail=&#8221;true&#8221; title=&#8221;Novidades Recentes&#8221; specified_posts=&#8221;412,413,67&#8243; posts_number=&#8221;3&#8243;][\/vc_column][vc_column width=&#8221;1\/3&#8243;][recent_posts category=&#8221;publications&#8221; hide_dividers=&#8221;true&#8221; title=&#8221;Publica\u00e7\u00f5es Recentes&#8221; specified_posts=&#8221;611,612,613,614,615&#8243; posts_number=&#8221;5&#8243;][\/vc_column][vc_column width=&#8221;1\/3&#8243;][lawyer_testimonials timeout_speed=&#8221;800&#8243; slide_speed=&#8221;5000&#8243; show_position=&#8221;true&#8221; thumbnail=&#8221;true&#8221; predefined=&#8221;33,442,443,444&#8243;][\/vc_column][\/vc_row][vc_row css=&#8221;.vc_custom_1499902919184{padding-bottom: 80px !important;}&#8221;][vc_column css=&#8221;.vc_custom_1499906452761{padding-top: 60px !important;}&#8221;][lawyer_title tag=&#8221;h2&#8243; align=&#8221;text-center&#8221; style=&#8221;honors-awards__title&#8221; title=&#8221;Men\u00e7\u00f5es e Pr\u00e9mios&#8221;][lawyer_clients number_items=&#8221;6&#8243; items=&#8221;%5B%7B%22client_logo%22%3A%227623%22%2C%22client_url%22%3A%22url%3Ahttps%253A%252F%252Flektou.com%252Flektou-achieves-top-tier-firm-in-iflr1000-2025%2525ef%2525bc%252581%252F%7Ctitle%3ALektou%2520Achieves%2520Top%2520Tier%2520Firm%2520in%2520IFLR1000%25202025%25EF%25BC%2581%7Ctarget%3A_blank%22%7D%2C%7B%22client_logo%22%3A%227540%22%2C%22client_url%22%3A%22url%3Ahttps%253A%252F%252Flektou.com%252Flektou-shines-bright-dual-band-1-rankings-in-general-business-law-from-chambers-and-partners%252F%22%7D%2C%7B%22client_logo%22%3A%226969%22%2C%22client_url%22%3A%22url%3Ahttps%253A%252F%252Flektou.com%252Flektou-shines-bright-dual-band-1-rankings-in-general-business-law-from-chambers-and-partners%252F%22%7D%2C%7B%22client_logo%22%3A%226803%22%2C%22client_url%22%3A%22url%3Ahttps%253A%252F%252Flektou.com%252Fpt-pt%252Flektou-foi-classificada-na-band-1-em-general-business-law-pela-chambers-and-partners-na-gcr%252F%7Ctitle%3ALektou%2520foi%2520classificada%2520na%2520Band%25201%2520em%2520General%2520Business%2520Law%2520pela%2520Chambers%2520and%2520Partners%2520na%2520GCR!%22%7D%2C%7B%22client_logo%22%3A%226638%22%2C%22client_url%22%3A%22url%3Ahttps%253A%252F%252Flektou.com%252Fpt-pt%252Flektou-distinguida-como-%2525f0%25259d%252597%25259f%2525f0%25259d%252597%2525b2%2525f0%25259d%252597%2525ae%2525f0%25259d%252597%2525b1%2525f0%25259d%252597%2525b6%2525f0%25259d%252597%2525bb%2525f0%25259d%252597%2525b4-%2525f0%25259d%252597%252599%2525f0%25259d%252597%2525b6%2525f0%25259d%252597%2525bf%2525f0%25259d%252597%2525ba-no-legal-500-rankings%252F%7Ctitle%3ALektou%2520distinguida%2520como%2520%25F0%259D%2597%259F%25F0%259D%2597%25B2%25F0%259D%2597%25AE%25F0%259D%2597%25B1%25F0%259D%2597%25B6%25F0%259D%2597%25BB%25F0%259D%2597%25B4%2520%25F0%259D%2597%2599%25F0%259D%2597%25B6%25F0%259D%2597%25BF%25F0%259D%2597%25BA%2520no%2520Legal%2520500%2520Rankings!%22%7D%2C%7B%22client_logo%22%3A%226419%22%2C%22client_url%22%3A%22url%3Ahttps%253A%252F%252Flektou.com%252Fpt-pt%252Flektou-foi-galardoada-com-o-premio-macau-sar-firm-of-the-year-nos-asialaw-awards-2024%252F%22%7D%2C%7B%22client_logo%22%3A%226413%22%2C%22client_url%22%3A%22url%3Ahttps%253A%252F%252Flektou.com%252Fpt-pt%252Fescritorio-de-macau-foi-reconhecido-como-top-tier-law-firm-em-financial-and-corporate-pelo-ranking-iflr1000-2024%252F%22%7D%2C%7B%22client_logo%22%3A%225958%22%2C%22client_url%22%3A%22url%3Ahttps%253A%252F%252Flektou.com%252Fpt-pt%252Flektou-reconhecida-como-jurisdictional-law-firm-of-the-year-macau-sar-nos-premios-iflr-asia-pacific-awards-2024%252F%7Ctitle%3ALEKTOU%2520reconhecida%2520como%2520JURISDICTIONAL%2520LAW%2520FIRM%2520OF%2520THE%2520YEAR%253A%2520Macau%2520SAR%2520nos%2520pr%25C3%25A9mios%2520IFLR%2520Asia%2520Pacific%2520Awards%25202024%22%7D%2C%7B%22client_logo%22%3A%225878%22%2C%22client_url%22%3A%22url%3Ahttps%253A%252F%252Fchambers.com%252Flaw-firm%252Frato-ling-lei-cortes-advogados-lektou-global-2%253A80117%22%7D%2C%7B%22client_logo%22%3A%225752%22%2C%22client_url%22%3A%22url%3Ahttps%253A%252F%252Fchambers.com%252Flaw-firm%252Frato-ling-lei-cortes-advogados-lektou-greater-china-region-116%253A80117%22%7D%2C%7B%22client_logo%22%3A%225443%22%2C%22client_url%22%3A%22url%3Ahttps%253A%252F%252Flektou.com%252Fpt-pt%252Fthe-legal-500-legalease-greater-china-2024-rankings%252F%7Ctitle%3AThe%2520Legal%2520500%2520(legalease)%2520Greater%2520China%25202024%2520rankings%22%7D%2C%7B%22client_logo%22%3A%225058%22%2C%22client_url%22%3A%22url%3Ahttps%253A%252F%252Flektou.com%252Fpt-pt%252Flektou-classificada-como-top-tier-outstanding-firm-na-area-de-pratica-de-general-business-law-da-asialaw%252F%7Ctitle%3ALEKTOU%2520classificada%2520como%2520Top-tier%2520Outstanding%2520Firm%2520na%2520%25C3%25A1rea%2520de%2520pr%25C3%25A1tica%2520de%2520General%2520Business%2520Law%2520da%2520asialaw%22%7D%2C%7B%22client_logo%22%3A%224942%22%2C%22client_url%22%3A%22url%3Ahttps%253A%252F%252Flektou.com%252Fpt-pt%252Flektou-esta-classificada-no-tier-1-da-seccao-financial-and-corporate-do-iflr1000%252F%7Ctitle%3ALEKTOU%2520est%25C3%25A1%2520classificada%2520no%2520Tier%25201%2520da%2520sec%25C3%25A7%25C3%25A3o%2520Financial%2520and%2520Corporate%2520do%2520IFLR1000%7Crel%3Anofollow%22%7D%2C%7B%22client_logo%22%3A%224533%22%2C%22client_url%22%3A%22url%3Ahttps%253A%252F%252Flektou.com%252Fpt-pt%252Flektou-galardoado-como-national-law-firm-of-the-year-macau-sar-no-iflr-asia-pacific-awards-2023%252F%22%7D%2C%7B%22client_logo%22%3A%224502%22%2C%22client_url%22%3A%22url%3Ahttps%253A%252F%252Flektou.com%252Fpt-pt%252Flektou-classificado-em-chambers-and-partners-global-guide-2023%252F%7Ctitle%3ALektou%2520classificado%2520em%2520Chambers%2520and%2520Partners%2520Global%2520Guide%25202023%22%7D%2C%7B%22client_logo%22%3A%224295%22%2C%22client_url%22%3A%22url%3Ahttps%253A%252F%252Flektou.com%252Fpt-pt%252Flektou-distinguido-no-chambers-and-partners-greater-china-region-guide-2023-no-general-business-law%252F%7Ctitle%3ALektou%2520ganhou%2520o%2520trof%25C3%25A9u%2520de%2520Excel%25C3%25AAncia%2520no%2520Atendimento%2520ao%2520Cliente%2520em%2520Macau%2520nos%2520Pr%25C3%25A9mios%2520Asialaw%25202021%22%7D%2C%7B%22client_logo%22%3A%224298%22%2C%22client_url%22%3A%22url%3Ahttps%253A%252F%252Flektou.com%252Fpt-pt%252Flektou-distinguido-como-leading-firm-em-the-legal-500-asia-pacific-2023%252F%7Ctitle%3ALektou%2520ganhou%2520o%2520trof%25C3%25A9u%2520de%2520Excel%25C3%25AAncia%2520no%2520Atendimento%2520ao%2520Cliente%2520em%2520Macau%2520nos%2520Pr%25C3%25A9mios%2520Asialaw%25202021%22%7D%2C%7B%22client_logo%22%3A%223201%22%2C%22client_url%22%3A%22url%3Ahttps%253A%252F%252Flektou.prodstageserver.com%252Fpt-pt%252Flektou-ganhou-o-trofeu-de-excelencia-no-atendimento-ao-cliente-em-macau-nos-premios-asialaw-2021%252F%7Ctitle%3ALektou%2520ganhou%2520o%2520trof%25C3%25A9u%2520de%2520Excel%25C3%25AAncia%2520no%2520Atendimento%2520ao%2520Cliente%2520em%2520Macau%2520nos%2520Pr%25C3%25A9mios%2520Asialaw%25202021%22%7D%2C%7B%22client_logo%22%3A%223768%22%2C%22client_url%22%3A%22url%3Ahttps%253A%252F%252Flektou.com%252Fpt-pt%252Fdistinguido-como-escritorio-de-advogados-de-top-tier-em-direito-comercial-da-asialaw%252F%7Ctitle%3AAsialaw%2520Profiles%2520Classificou%2520a%2520Lektou%2520como%2520Outstanding%2520Firm%22%7D%2C%7B%22client_logo%22%3A%223020%22%2C%22client_url%22%3A%22url%3Ahttps%253A%252F%252Flektou.prodstageserver.com%252Fpt-pt%252Flektou-ganhou-o-trofeu-de-excelencia-no-atendimento-ao-cliente-em-macau-nos-premios-asialaw-2021%252F%7Ctitle%3ALektou%2520ganhou%2520o%2520trof%25C3%25A9u%2520de%2520Excel%25C3%25AAncia%2520no%2520Atendimento%2520ao%2520Cliente%2520em%2520Macau%2520nos%2520Pr%25C3%25A9mios%2520Asialaw%25202021%22%7D%2C%7B%22client_logo%22%3A%223023%22%2C%22client_url%22%3A%22url%3Ahttps%253A%252F%252Flektou.prodstageserver.com%252Fpt-pt%252Fasialaw-profiles-classificou-a-lektou-como-outstanding%252F%7Ctitle%3AAsialaw%2520Profiles%2520Classificou%2520a%2520Lektou%2520como%2520Outstanding%2520Firm%22%7D%2C%7B%22client_logo%22%3A%223197%22%2C%22client_url%22%3A%22url%3Ahttps%253A%252F%252Flektou.prodstageserver.com%252Fpt-pt%252Fasialaw-profiles-classificou-a-lektou-como-outstanding-firm-2%252F%7Ctitle%3AAsialaw%2520Profiles%2520Classificou%2520a%2520Lektou%2520como%2520Outstanding%2520Firm%22%7D%2C%7B%22client_logo%22%3A%223029%22%2C%22client_url%22%3A%22url%3Ahttps%253A%252F%252Flektou.prodstageserver.com%252Fpt-pt%252Frankings-tier-1-iflr-1000%252F%7Ctitle%3ARankings%253A%2520Tier%25201%2520IFLR%25201000%22%7D%2C%7B%22client_logo%22%3A%223032%22%2C%22client_url%22%3A%22url%3Ahttps%253A%252F%252Flektou.prodstageserver.com%252Fpt-pt%252Frankings-tier-1-iflr-1000-2%252F%7Ctitle%3ARankings%253A%2520Tier%25201%2520IFLR%25201000%22%7D%2C%7B%22client_logo%22%3A%223035%22%2C%22client_url%22%3A%22url%3Ahttps%253A%252F%252Flektou.prodstageserver.com%252Fpt-pt%252Fclassificado-no-tier-1-financeiro-e-corporativo-da-iflr-1000%252F%7Ctitle%3AClassificado%2520no%2520Tier%25201%2520%25E2%2580%2593%2520Financeiro%2520e%2520Corporativo%2520da%2520IFLR%25201000%22%7D%2C%7B%22client_logo%22%3A%223038%22%2C%22client_url%22%3A%22url%3Ahttps%253A%252F%252Flektou.prodstageserver.com%252Fpt-pt%252Franking-greater-china-region-2022-de-chambers-and-partners-2%252F%7Ctitle%3ARanking%253A%2520Greater%2520China%2520Region%25202022%2520de%2520Chambers%2520and%2520Partners%22%7D%2C%7B%22client_logo%22%3A%223041%22%2C%22client_url%22%3A%22url%3Ahttps%253A%252F%252Flektou.prodstageserver.com%252Fpt-pt%252Franking-greater-china-region-2022-de-chambers-and-partners%252F%7Ctitle%3ARanking%253A%2520Chambers%2520Global%25202022%22%7D%2C%7B%22client_logo%22%3A%223044%22%2C%22client_url%22%3A%22url%3Ahttps%253A%252F%252Flektou.prodstageserver.com%252Fpt-pt%252Frankings-chambers-and-partners-em-direito-geral%252F%7Ctitle%3ARankings%253A%2520Chambers%2520and%2520Partners%2520em%2520Direito%2520Geral%22%7D%2C%7B%22client_logo%22%3A%223047%22%2C%22client_url%22%3A%22url%3Ahttps%253A%252F%252Flektou.prodstageserver.com%252Fpt-pt%252Frankings-chambers-and-partners-asia-pacific%252F%7Ctitle%3ARankings%253A%2520Chambers%2520and%2520Partners%2520Asia-Pacific%22%7D%2C%7B%22client_logo%22%3A%223050%22%2C%22client_url%22%3A%22url%3Ahttps%253A%252F%252Flektou.prodstageserver.com%252Fpt-pt%252Fleading-firm-no-the-legal-500-asia-pacific-2021%252F%7Ctitle%3ALeading%2520Firm%2520no%2520The%2520Legal%2520500%2520Asia%2520Pacific%25202021%22%7D%2C%7B%22client_logo%22%3A%223053%22%2C%22client_url%22%3A%22url%3Ahttps%253A%252F%252Flektou.prodstageserver.com%252Fpt-pt%252Franking-leading-firm-de-the-legal-500-asia-pacific-2022%252F%7Ctitle%3ARanking%253A%2520%25E2%2580%259CLeading%2520Firm%25E2%2580%259D%2520de%2520The%2520Legal%2520500%2520Asia%2520Pacific%25202022%22%7D%2C%7B%22client_logo%22%3A%223219%22%2C%22client_url%22%3A%22url%3A%2523%22%7D%5D&#8221;][lawyer_title][\/vc_column][\/vc_row][\/vc_section]<\/p>\n","protected":false},"excerpt":{"rendered":"<p>[vc_row][vc_column][layerslider_vc id=&#8221;22&#8243;][\/vc_column][\/vc_row][vc_row disable_element=&#8221;yes&#8221; css=&#8221;.vc_custom_1645706728535{padding-top: 60px !important;padding-bottom: 60px !important;}&#8221;][vc_column css=&#8221;.vc_custom_1498093136184{padding-top: 0px !important;}&#8221;][vc_row_inner css=&#8221;.vc_custom_1499904517873{padding-top: 0px !important;padding-bottom: 0px !important;}&#8221;][vc_column_inner width=&#8221;1\/3&#8243; css=&#8221;.vc_custom_1498092944842{padding-top: 0px !important;padding-right: 1px !important;padding-bottom: 0px !important;padding-left: 1px !important;}&#8221;][lawyer_icon_text style=&#8221;style2&#8243; icon=&#8221;icon-globe-1&#8243; title=&#8221;Cobertura Global&#8221; subtitle=&#8221;Quisque consectetur posusa fermentum nibh, tincidunt luctus hendrerit, suspendise potent praesent sit amet rhoncus.&#8221;][\/vc_column_inner][vc_column_inner width=&#8221;1\/3&#8243; css=&#8221;.vc_custom_1498092936168{padding-top: 0px !important;padding-right: 1px !important;padding-bottom: 0px !important;padding-left: 1px !important;}&#8221;][lawyer_icon_text style=&#8221;style2&#8243;<\/p>\n","protected":false},"author":1,"featured_media":0,"parent":0,"menu_order":1,"comment_status":"closed","ping_status":"closed","template":"","meta":{"footnotes":""},"class_list":["post-1727","page","type-page","status-publish","hentry"],"_links":{"self":[{"href":"https:\/\/lektou.com\/pt-pt\/wp-json\/wp\/v2\/pages\/1727","targetHints":{"allow":["GET"]}}],"collection":[{"href":"https:\/\/lektou.com\/pt-pt\/wp-json\/wp\/v2\/pages"}],"about":[{"href":"https:\/\/lektou.com\/pt-pt\/wp-json\/wp\/v2\/types\/page"}],"author":[{"embeddable":true,"href":"https:\/\/lektou.com\/pt-pt\/wp-json\/wp\/v2\/users\/1"}],"replies":[{"embeddable":true,"href":"https:\/\/lektou.com\/pt-pt\/wp-json\/wp\/v2\/comments?post=1727"}],"version-history":[{"count":49,"href":"https:\/\/lektou.com\/pt-pt\/wp-json\/wp\/v2\/pages\/1727\/revisions"}],"predecessor-version":[{"id":7627,"href":"https:\/\/lektou.com\/pt-pt\/wp-json\/wp\/v2\/pages\/1727\/revisions\/7627"}],"wp:attachment":[{"href":"https:\/\/lektou.com\/pt-pt\/wp-json\/wp\/v2\/media?parent=1727"}],"curies":[{"name":"wp","href":"https:\/\/api.w.org\/{rel}","templated":true}]}}