{"id":1798,"date":"2022-02-11T10:11:20","date_gmt":"2022-02-11T10:11:20","guid":{"rendered":"https:\/\/lektou.com\/?page_id=1798"},"modified":"2024-10-17T08:40:36","modified_gmt":"2024-10-17T08:40:36","slug":"sobre","status":"publish","type":"page","link":"https:\/\/lektou.com\/pt-pt\/sobre\/","title":{"rendered":"Sobre"},"content":{"rendered":"<p>[vc_section][vc_row][vc_column][lawyer_breadcrumbs items=&#8221;%5B%7B%22title%22%3A%22Inicio%22%2C%22url%22%3A%22%2Fpt-pt%2F%22%7D%2C%7B%22title%22%3A%22Sobre%22%7D%5D&#8221;][\/vc_column][\/vc_row][vc_row full_width=&#8221;stretch_row&#8221; css=&#8221;.vc_custom_1645723364448{padding-top: 10px !important;padding-bottom: 40px !important;}&#8221; el_id=&#8221;history&#8221;][vc_column width=&#8221;1\/2&#8243;][lawyer_text]<\/p>\n<h2>Hist\u00f3ria<\/h2>\n<p>Lektou \u00e9 um Escrit\u00f3rio de Advogados estabelecido na Regi\u00e3o Administrativa Especial de Macau (RAEM) com origem no Escrit\u00f3rio de Advogados Gon\u00e7alves Pereira &amp; Rato, que iniciou a sua atividade em 2 de Outubro de 1985.<\/p>\n<p>Com mais de 40 anos de pr\u00e1tica jur\u00eddica em Macau, o s\u00f3lido perfil acad\u00e9mico conjugado com a longa experi\u00eancia e a plena integra\u00e7\u00e3o em Macau \u00e9 a garantia da qualidade dos servi\u00e7os que prestamos. Temos uma equipa de profissionais qualificados para prestar um amplo leque de servi\u00e7os jur\u00eddicos.<\/p>\n<p>A constante necessidade de actualiza\u00e7\u00e3o e especializa\u00e7\u00e3o dos nossos profissionais, aliada \u00e0 pr\u00e1tica profissional comprovada nos v\u00e1rios campos do Direito, permite-nos oferecer uma resposta r\u00e1pida, efectiva e eficiente aos nossos Clientes. Os servi\u00e7os que prestamos v\u00e3o desde a interven\u00e7\u00e3o em negocia\u00e7\u00f5es, lit\u00edgios e audi\u00eancias de resolu\u00e7\u00e3o alternativa de conflitos at\u00e9 \u00e0 consultadoria e aconselhamento jur\u00eddico di\u00e1rio e cont\u00ednuo nas v\u00e1rias vertentes do Direito.[\/lawyer_text][\/vc_column][vc_column width=&#8221;1\/2&#8243; css=&#8221;.vc_custom_1499377110662{margin-top: 30px !important;}&#8221;][lawyer_video video=&#8221;wJF5NXygL4k&#8221; el_class=&#8221;video-banner&#8221; image=&#8221;3130&#8243;][\/vc_column][\/vc_row][vc_row el_id=&#8221;what_we_do&#8221;][vc_column][lawyer_text]<\/p>\n<h2>O que fazemos<\/h2>\n<p>Prestamos servi\u00e7os jur\u00eddicos em tr\u00eas l\u00ednguas e nas jurisdi\u00e7\u00f5es onde temos presen\u00e7a, com especial foco na Regi\u00e3o Administrativa Especial de Macau, de forma a potenciar o valor dos nossos Clientes.<\/p>\n<p>O Escrit\u00f3rio disp\u00f5e igualmente da significativa mais-valia de presta\u00e7\u00e3o de servi\u00e7os notariais, contando com a participa\u00e7\u00e3o profissional de quatro Not\u00e1rios Privados.[\/lawyer_text][\/vc_column][\/vc_row][vc_row el_id=&#8221;init&#8221;][vc_column][lawyer_text]<\/p>\n<h2>Iniciativas<\/h2>\n<p>Fomos o primeiro Escrit\u00f3rio a integrar s\u00f3cios de l\u00edngua e cultura chinesa, mantendo sempre o equil\u00edbrio dos dois pilares estruturantes de Macau, modos de estar e de pensar de enriquecimento m\u00fatuo, com o objectivo \u00faltimo de melhor servir os nossos Clientes.<\/p>\n<p>Fomos o primeiro escrit\u00f3rio da RAEM a ter presen\u00e7a na Ilha da Montanha (Hengqin), na sequ\u00eancia do estabelecimento das medidas piloto para a uni\u00e3o de escrit\u00f3rios de advocacia da Rep\u00fablica Popular da China (RPC), Macau e Hong Kong<\/p>\n<p>Depois disso, integr\u00e1mos tamb\u00e9m de um escrit\u00f3rio em Shenzhen e prevemos poder expandir a nossa actividade para outros locais e jurisdi\u00e7\u00f5es.[\/lawyer_text][\/vc_column][\/vc_row][vc_row el_id=&#8221;partners&#8221;][vc_column][lawyer_text]<\/p>\n<h2>Parcerias\/Redes internacionais<\/h2>\n<p>Estamos posicionados, definitivamente, como um dos escrit\u00f3rios de refer\u00eancia de Macau no contexto da Grande Ba\u00eda e de Macau como Plataforma entre a China e os Pa\u00edses de L\u00edngua Portuguesa.[\/lawyer_text][\/vc_column][\/vc_row][vc_row][vc_column][lawyer_text]<\/p>\n<h2>Portugal<\/h2>\n<p>Em 2017, o Escrit\u00f3rio Lektou, atrav\u00e9s dos seus S\u00f3cios, constituiu uma Sociedade de Advogados na capital portuguesa, Lisboa \u2013 <strong>Lektou &#8211; Cort\u00e9s, Sociedade de Advogados, SP, RL <\/strong>\u2013, que conta com Advogados experientes de Macau e de Portugal que prestam servi\u00e7os jur\u00eddicos naquela jurisdi\u00e7\u00e3o.<\/p>\n<p>A expans\u00e3o para Portugal faz parte da estrat\u00e9gia de internacionaliza\u00e7\u00e3o do Escrit\u00f3rio para melhor servir os seus Clientes e para funcionar como um <em>legal player <\/em>na plataforma entre a RPC, os pa\u00edses de l\u00edngua oficial portuguesa e a Uni\u00e3o Europeia.[\/lawyer_text][\/vc_column][\/vc_row][vc_row][vc_column][lawyer_text]<\/p>\n<h2>Rep\u00fablica Popular da China<\/h2>\n<p>Em 2016, estabelecemos uma parceria com a <em>Zhong Yin Law Firm<\/em>, da Rep\u00fablica Popular da China, e o Escrit\u00f3rio <em>Fongs<\/em>, de Hong Kong, para abrir um novo escrit\u00f3rio na Ilha da Montanha (Hengqin), Zhuhai, o qual foi o primeiro escrit\u00f3rio de advocacia desta natureza, depois de serem estabelecidas as medidas piloto para o cons\u00f3rcio de escrit\u00f3rios de advocacia de Hong Kong, Macau e RPC, e que adoptou a denomina\u00e7\u00e3o <em>ZLF Law Office<\/em>.<\/p>\n<p>No \u00e2mbito da mesma medida piloto, integramos um escrit\u00f3rio em Shenzhen e prevemos poder expandir para outros locais e jurisdi\u00e7\u00f5es.<\/p>\n<p>Trata-se da nossa resposta \u00e0 crescente integra\u00e7\u00e3o da economia na regi\u00e3o do Delta do Rio das P\u00e9rolas e \u00e0s pol\u00edticas nacionais \u201cFaixa e Rota\u201d e \u201cGrande Ba\u00eda\u201d. Tal iniciativa representa tamb\u00e9m um marco importante na estrat\u00e9gia de integra\u00e7\u00e3o do Escrit\u00f3rio na China Continental Hong Kong e Regi\u00e3o da \u00c1sia-Pac\u00edfico.<\/p>\n<p>O <em>ZLF Law Office<\/em> une sinergias da vasta rede composta pelos tr\u00eas escrit\u00f3rios consorciados, que integra cerca de 2000 advogados em mais de 30 cidades da RPC.<\/p>\n<p>Um dos objectivos primordiais \u00e9 servir os Clientes de Macau no \u00e2mbito do \u201cProjecto de Coopera\u00e7\u00e3o Aprofundada entre a Prov\u00edncia de Guangdong e Macau em Hengqin\u201d.[\/lawyer_text][\/vc_column][\/vc_row][vc_row][vc_column][lawyer_text]<\/p>\n<h2>Redes de Network Internacional<\/h2>\n<p>Celebr\u00e1mos um protocolo que nos permite integrar a rede global da <strong>Miranda Alliance<\/strong>, que conta com escrit\u00f3rios em todas as jurisdi\u00e7\u00f5es lus\u00f3fonas, reunindo cerca de 230 advogados em 18 jurisdi\u00e7\u00f5es, sedeadas em 4 continentes.<\/p>\n<p>Todos os Escrit\u00f3rios e Sociedades de Advogados integrantes da <strong>Miranda Alliance <\/strong>s\u00e3o firmas independentes, dirigidas por profissionais da mais elevada reputa\u00e7\u00e3o, os quais est\u00e3o profundamente integrados nos respetivos mercados locais, com o mesmo objetivo: prestar servi\u00e7os jur\u00eddicos de elevada qualidade aos seus Clientes.[\/lawyer_text][\/vc_column][\/vc_row][vc_row el_id=&#8221;projects&#8221;][vc_column][lawyer_title style=&#8221;block-title&#8221; title=&#8221;Projectos&#8221;][\/vc_column][\/vc_row][vc_row el_id=&#8221;Guangdong\u2013Hongkong&#8221;][vc_column][lawyer_text]<\/p>\n<h2>Grande Ba\u00eda &#8211; The\u00a0Guangdong\u2013Hong Kong\u2013Macau<\/h2>\n<p>Este projecto nacional tem como objectivo a cria\u00e7\u00e3o e o desenvolvimento de uma \u00e1rea econ\u00f3mica integrada com express\u00e3o mundial at\u00e9 2035, aprofundando a coopera\u00e7\u00e3o entre a prov\u00edncia de Guangdong e as Regi\u00f5es Administrativas de Hong Kong e de Macau e com a maior densidade populacional urbana, com aproximadamente 72 milh\u00f5es de habitantes (5% da popula\u00e7\u00e3o total da China), e que est\u00e1 entre as quatro maiores \u00e1reas econ\u00f3micas de refer\u00eancia mundial como Nova Iorque, T\u00f3quio e Ba\u00eda de S\u00e3o Francisco.<\/p>\n<p>A \u00e1rea do projecto incluiu nove megacidades da prov\u00edncia de Guangdong (Guangzhou, Shenzhen, Zhuhai, Foshan, Dongguan, Zhongshan, Jiangmen, Huizhou e Zhaoqing) e as Regi\u00f5es Administrativas Especiais de Hong Kong e de Macau.<\/p>\n<p>O Produto Interno Bruto agregado destas regi\u00f5es \u00e9 competitivo com as maiores economias mundiais, encontrando-se nelas as mais bem-sucedidas empresas, com especial incid\u00eancia para as empresas tecnol\u00f3gicas.<\/p>\n<p>Neste contexto e com o intuito de desenvolver-se como p\u00f3lo global de turismo e de lazer, Macau centra-se como plataforma de coopera\u00e7\u00e3o econ\u00f3mica e comercial entre a China e os Pa\u00edses de l\u00edngua portuguesa.<\/p>\n<p>Estabelecer uma base de interc\u00e2mbio e coopera\u00e7\u00e3o com a cultura e a economia chinesa como eixo central e a coexist\u00eancia de diferentes culturas, promover o desenvolvimento adequadamente diversificado e sustent\u00e1vel da economia de Macau \u00e9 o objectivo a prosseguir![\/lawyer_text][\/vc_column][\/vc_row][vc_row el_id=&#8221;one-belt&#8221;][vc_column][lawyer_text]<\/p>\n<h2>Uma Faixa e Uma Rota<\/h2>\n<p>Esta iniciativa foi lan\u00e7ada em 2013 pelo Governo Popular Central da RPC para promover investimento em aproximadamente 70 pa\u00edses e organiza\u00e7\u00f5es internacionais, como uma estrat\u00e9gia que visa beneficiar, atrav\u00e9s do crescimento econ\u00f3mico, os pa\u00edses que a integram.<\/p>\n<p>A iniciativa pretende desenvolver investimentos avultados em infraestruturas como portos, constru\u00e7\u00f5es e edifica\u00e7\u00f5es, ferrovias, estradas, centrais el\u00e9ctricas e, bem assim, o desenvolvimento das rotas de transporte rodovi\u00e1rio e ferrovi\u00e1rio pela \u00c1sia Central, bem como as rotas mar\u00edtimas do Sudeste Asi\u00e1tico.[\/lawyer_text][\/vc_column][\/vc_row][vc_row el_id=&#8221;Guangdong-Macao&#8221;][vc_column][lawyer_text]<\/p>\n<h2>Zona de Coopera\u00e7\u00e3o Aprofundada entre Guangdong e Macau<\/h2>\n<p>Focando-se na miss\u00e3o de \u201cdefender a diversifica\u00e7\u00e3o econ\u00f3mica moderada de Macau\u201d, a zona \u00e9 definida como \u201c uma nova plataforma para impulsionar a diversidade econ\u00f3mica de Macau, um novo espa\u00e7o para os residentes de Macau viverem e trabalharem, um novo modelo para enriquecer a pr\u00e1tica de \u201cum pa\u00eds, dois sistemas\u201d, e um novo territ\u00f3rio para a constru\u00e7\u00e3o da \u00c1rea da Grande Ba\u00eda de Guangdong-Hong Kong-Macau\u201d.<\/p>\n<p>De acordo com a iniciativa, \u201cs\u00e3o estabelecidas tr\u00eas objetivos faseados de desenvolvimento. At\u00e9 2035 a for\u00e7a econ\u00f3mica e compet\u00eancia tecnol\u00f3gica da zona, ser\u00e3o aumentadas com um eficiente servi\u00e7o p\u00fablico e com servi\u00e7o de seguran\u00e7a social e um melhore mecanismo de colabora\u00e7\u00e3o entre Hengqin e Macau. O objetivo de promover a diversidade econ\u00f3mica de Macau ser\u00e1 tamb\u00e9m realizada.[\/lawyer_text][\/vc_column][\/vc_row][vc_row el_id=&#8221;Lusophony&#8221;][vc_column][lawyer_text]<\/p>\n<h2>Lusofonia<\/h2>\n<p>Com advogados inscritos nas jurisdi\u00e7\u00f5es de Portugal, Timor-Leste, Brasil e Cabo-Verde, o nosso posicionamento estrat\u00e9gico passa por servir os nossos Clientes de e para essas jurisdi\u00e7\u00f5es, fazendo a ponte entre a China e os Pa\u00edses Lus\u00f3fonos. Macau \u00e9 uma plataforma privilegiada para este des\u00edgnio, da qual o F\u00f3rum Macau \u00e9 a mais relevante entidade.[\/lawyer_text][\/vc_column][\/vc_row][vc_row disable_element=&#8221;yes&#8221;][vc_column][lawyer_practice_areas style=&#8221;tile-col&#8211;style-2&#8243; limit=&#8221;6&#8243;][\/vc_column][\/vc_row][vc_row disable_element=&#8221;yes&#8221; desctop_mt=&#8221;marg-lg-t100&#8243; desctop_mb=&#8221;marg-lg-b70&#8243; tablets_mt=&#8221;marg-md-t50&#8243; tablets_mb=&#8221;marg-md-b30&#8243; mobile_mt=&#8221;marg-xs-t20&#8243; mobile_mb=&#8221;marg-xs-b20&#8243;][vc_column][lawyer_title tag=&#8221;h2&#8243; align=&#8221;text-center&#8221; style=&#8221;honors-awards__title&#8221; title=&#8221;HONORS AND AWARDS&#8221;][lawyer_clients number_items=&#8221;6&#8243; items=&#8221;%5B%7B%22client_logo%22%3A%22387%22%2C%22client_url%22%3A%22url%3A%2523%7C%7C%7C%22%7D%2C%7B%22client_logo%22%3A%22386%22%2C%22client_url%22%3A%22url%3A%2523%7C%7C%7C%22%7D%2C%7B%22client_logo%22%3A%22385%22%2C%22client_url%22%3A%22url%3A%2523%7C%7C%7C%22%7D%2C%7B%22client_logo%22%3A%22384%22%2C%22client_url%22%3A%22url%3A%2523%7C%7C%7C%22%7D%2C%7B%22client_logo%22%3A%22383%22%2C%22client_url%22%3A%22url%3A%2523%7C%7C%7C%22%7D%2C%7B%22client_logo%22%3A%22382%22%2C%22client_url%22%3A%22url%3A%2523%7C%7C%7C%22%7D%2C%7B%22client_logo%22%3A%22381%22%2C%22client_url%22%3A%22url%3A%2523%7C%7C%7C%22%7D%2C%7B%22client_logo%22%3A%22380%22%2C%22client_url%22%3A%22url%3A%2523%7C%7C%7C%22%7D%5D&#8221;][\/vc_column][\/vc_row][\/vc_section]<\/p>\n","protected":false},"excerpt":{"rendered":"<p>[vc_section][vc_row][vc_column][lawyer_breadcrumbs items=&#8221;%5B%7B%22title%22%3A%22Inicio%22%2C%22url%22%3A%22%2Fpt-pt%2F%22%7D%2C%7B%22title%22%3A%22Sobre%22%7D%5D&#8221;][\/vc_column][\/vc_row][vc_row full_width=&#8221;stretch_row&#8221; css=&#8221;.vc_custom_1645723364448{padding-top: 10px !important;padding-bottom: 40px !important;}&#8221; el_id=&#8221;history&#8221;][vc_column width=&#8221;1\/2&#8243;][lawyer_text] Hist\u00f3ria Lektou \u00e9 um Escrit\u00f3rio de Advogados estabelecido na Regi\u00e3o Administrativa Especial de Macau (RAEM) com origem no Escrit\u00f3rio de Advogados Gon\u00e7alves Pereira &amp; Rato, que iniciou a sua atividade em 2 de Outubro de 1985. Com mais de 40 anos de pr\u00e1tica jur\u00eddica em<\/p>\n","protected":false},"author":1,"featured_media":0,"parent":0,"menu_order":3,"comment_status":"closed","ping_status":"closed","template":"","meta":{"footnotes":""},"class_list":["post-1798","page","type-page","status-publish","hentry"],"_links":{"self":[{"href":"https:\/\/lektou.com\/pt-pt\/wp-json\/wp\/v2\/pages\/1798","targetHints":{"allow":["GET"]}}],"collection":[{"href":"https:\/\/lektou.com\/pt-pt\/wp-json\/wp\/v2\/pages"}],"about":[{"href":"https:\/\/lektou.com\/pt-pt\/wp-json\/wp\/v2\/types\/page"}],"author":[{"embeddable":true,"href":"https:\/\/lektou.com\/pt-pt\/wp-json\/wp\/v2\/users\/1"}],"replies":[{"embeddable":true,"href":"https:\/\/lektou.com\/pt-pt\/wp-json\/wp\/v2\/comments?post=1798"}],"version-history":[{"count":22,"href":"https:\/\/lektou.com\/pt-pt\/wp-json\/wp\/v2\/pages\/1798\/revisions"}],"predecessor-version":[{"id":6473,"href":"https:\/\/lektou.com\/pt-pt\/wp-json\/wp\/v2\/pages\/1798\/revisions\/6473"}],"wp:attachment":[{"href":"https:\/\/lektou.com\/pt-pt\/wp-json\/wp\/v2\/media?parent=1798"}],"curies":[{"name":"wp","href":"https:\/\/api.w.org\/{rel}","templated":true}]}}